{"id":9102,"date":"2024-05-12T19:44:18","date_gmt":"2024-05-12T19:44:18","guid":{"rendered":"https:\/\/enzoart.co\/ana-sayfa-enzoart\/"},"modified":"2025-02-07T21:05:17","modified_gmt":"2025-02-07T21:05:17","slug":"ana-sayfa-enzoart","status":"publish","type":"page","link":"https:\/\/enzoart.co\/tr\/","title":{"rendered":"Ana Sayfa enzoart"},"content":{"rendered":"<section class=\"l-section wpb_row us_custom_db617ba3 hide_on_tablets hide_on_mobiles height_auto width_full\"><div class=\"l-section-h i-cf\"><div class=\"g-cols vc_row via_grid cols_1 laptops-cols_inherit tablets-cols_inherit mobiles-cols_1 valign_middle type_default stacking_default\"><div class=\"wpb_column vc_column_container\"><div class=\"vc_column-inner\"><div class=\"w-html hide_on_mobiles\"><div id=\"metaslider-id-8583\" style=\"width: 100%;\" class=\"ml-slider-3-90-0 metaslider metaslider-flex metaslider-8583 ml-slider ms-theme-default nav-hidden\" role=\"region\" aria-roledescription=\"Slideshow\" aria-label=\"slider torki\">\n    <div id=\"metaslider_container_8583\">\n        <div id=\"metaslider_8583\">\n            <ul class='slides'>\n                <li style=\"display: block; width: 100%;\" class=\"slide-8584 ms-image \" aria-roledescription=\"slide\" aria-label=\"slide-8584\"><img decoding=\"async\" src=\"https:\/\/enzoart.co\/wp-content\/uploads\/2025\/02\/1-enzo-art-kucuk-mimarlik-kitler-1-1-0x0.jpg\" alt=\"\" class=\"slider-8583 slide-8584\" title=\"1-enzo-art-k\u00fc\u00e7\u00fck-mimarl\u0131k-kitler\" \/><\/li>\n                <li style=\"display: none; width: 100%;\" class=\"slide-8598 ms-image \" aria-roledescription=\"slide\" aria-label=\"slide-8598\"><img decoding=\"async\" src=\"https:\/\/enzoart.co\/wp-content\/uploads\/2025\/02\/2-enzo-art-kucuk-mimar-minyatur-tugla-kitler-0x0.jpg\" alt=\"\" class=\"slider-8583 slide-8598\" title=\"2-enzo-art-ku\u00e7uk-mimar-minyat\u00fcr -tu\u011fla-kitler\" \/><\/li>\n                <li style=\"display: none; width: 100%;\" class=\"slide-8600 ms-image \" aria-roledescription=\"slide\" aria-label=\"slide-8600\"><img decoding=\"async\" src=\"https:\/\/enzoart.co\/wp-content\/uploads\/2025\/02\/3-minyatur-tugla-ev-yapim-seti-0x0.jpg\" alt=\"\" class=\"slider-8583 slide-8600\" title=\"3-minyat\u00fcr-tu\u011fla-ev-yap\u0131m-seti\" \/><\/li>\n                <li style=\"display: none; width: 100%;\" class=\"slide-8643 ms-image \" aria-roledescription=\"slide\" aria-label=\"slide-8643\"><img decoding=\"async\" src=\"https:\/\/enzoart.co\/wp-content\/uploads\/2025\/02\/4-minyatur-tuglat-insaat-seti-1-1-0x0.jpg\" alt=\"\" class=\"slider-8583 slide-8643\" title=\"4-minyat\u00fcr-tu\u011flat-in\u015faat-seti\" \/><\/li>\n            <\/ul>\n        <\/div>\n        \n    <\/div>\n<\/div><\/div><\/div><\/div><\/div><\/div><\/section><section class=\"l-section wpb_row us_custom_3f41abb9 height_custom with_shape\"><div class=\"l-section-overlay\" style=\"background:linear-gradient(90deg,#ff0fef,#c096ff)\"><\/div><div class=\"l-section-shape type_wave pos_top\" style=\"height:15vmin;\"><svg xmlns=\"http:\/\/www.w3.org\/2000\/svg\" viewBox=\"0 4 64 4\" preserveAspectRatio=\"none\" width=\"100%\" height=\"100%\">\r\n\t<path fill=\"currentColor\" d=\"M64 6 C32 0 32 12 0 6 L0 8 L64 8 Z\"\/>\r\n<\/svg><\/div><div class=\"l-section-h i-cf\"><div class=\"g-cols vc_row via_grid cols_1 laptops-cols_inherit tablets-cols_inherit mobiles-cols_1 valign_top type_default stacking_default\"><div class=\"wpb_column vc_column_container us_custom_b3e3d449\"><div class=\"vc_column-inner\"><div class=\"wpb_text_column us_custom_47c8406c\"><div class=\"wpb_wrapper\"><h3><span style=\"color: #ffffff;\">Enzo Art Minyat\u00fcr \u0130n\u015faat Mimari Kitleri<\/span><\/h3>\n<p><span style=\"color: #ffffff;\">Enzo K\u00fc\u00e7\u00fck mimar tu\u011fla kitleri sanat, yarat\u0131c\u0131l\u0131k, el i\u015f\u00e7ili\u011fi ve mimari ve in\u015faata duyulan sevgiye dayanarak tasarlan\u0131p \u00fcretilir. Sanat, mimari, model yap\u0131m\u0131 ve \u00f6l\u00e7ekli \u00fcretimle ilgilenen herkes i\u00e7indir.<\/span><br \/>\n<span style=\"color: #ffffff;\">Minyat\u00fcr tu\u011fla kitleri \u00e7ocuklar ve yeti\u015fkinler i\u00e7in \u00e7e\u015fitli faydalar sunar. Zaman ge\u00e7irmek ve \u00f6nemli ya\u015fam becerileri geli\u015ftirmek i\u00e7in e\u011flenceli ve e\u011fitici bir yoldur.<\/span><\/p>\n<\/div><\/div><\/div><\/div><\/div><\/div><\/section><section class=\"l-section wpb_row height_custom\" id=\"features\"><div class=\"l-section-h i-cf\"><div class=\"g-cols vc_row via_grid cols_4 laptops-cols_inherit tablets-cols_2 mobiles-cols_1 valign_top type_default stacking_default\"><div class=\"wpb_column vc_column_container\"><div class=\"vc_column-inner\"><div class=\"w-iconbox iconpos_top style_default color_primary align_left\"><a href=\"#first\" class=\"w-iconbox-link\" aria-label=\"De\u011ferl\u0131 \u00fcr\u00fcn garantisi\"><div class=\"w-iconbox-icon\" style=\"font-size:3.3rem;\"><i class=\"fal fa-thumbs-up\"><\/i><\/div><\/a><div class=\"w-iconbox-meta\"><a href=\"#first\" class=\"w-iconbox-link\" aria-label=\"De\u011ferl\u0131 \u00fcr\u00fcn garantisi\"><h2 class=\"w-iconbox-title\" style=\"font-size:1.5rem;\">De\u011ferl\u0131 \u00fcr\u00fcn garantisi<\/h2><\/a><div class=\"w-iconbox-text\"><p>Paran\u0131z\u0131n kar\u015f\u0131l\u0131\u011f\u0131nda daha fazlas\u0131n\u0131 al\u0131n<\/p>\n<\/div><\/div><\/div><\/div><\/div><div class=\"wpb_column vc_column_container\"><div class=\"vc_column-inner\"><div class=\"w-iconbox iconpos_top style_default color_primary align_left\"><a href=\"#second\" class=\"w-iconbox-link\" aria-label=\"Boyanabilir Malzemeler\"><div class=\"w-iconbox-icon\" style=\"font-size:3.3rem;\"><i class=\"fal fa-palette\"><\/i><\/div><\/a><div class=\"w-iconbox-meta\"><a href=\"#second\" class=\"w-iconbox-link\" aria-label=\"Boyanabilir Malzemeler\"><h2 class=\"w-iconbox-title\" style=\"font-size:1.5rem;\">Boyanabilir Malzemeler<\/h2><\/a><div class=\"w-iconbox-text\"><p>Tu\u011flalar\u0131 istedi\u011finiz renge boyay\u0131n<\/p>\n<\/div><\/div><\/div><\/div><\/div><div class=\"wpb_column vc_column_container\"><div class=\"vc_column-inner\"><div class=\"w-iconbox iconpos_top style_default color_primary align_left\"><a href=\"#third\" class=\"w-iconbox-link\" aria-label=\"Ger\u00e7ek Tu\u011fla Deneyimi\"><div class=\"w-iconbox-icon\" style=\"font-size:3.3rem;\"><i class=\"fal fa-leaf\"><\/i><\/div><\/a><div class=\"w-iconbox-meta\"><a href=\"#third\" class=\"w-iconbox-link\" aria-label=\"Ger\u00e7ek Tu\u011fla Deneyimi\"><h2 class=\"w-iconbox-title\" style=\"font-size:1.5rem;\">Ger\u00e7ek Tu\u011fla Deneyimi<\/h2><\/a><div class=\"w-iconbox-text\"><p>Do\u011fal tu\u011flalarla inan\u0131lmaz bir in\u015faat hissi<\/p>\n<\/div><\/div><\/div><\/div><\/div><div class=\"wpb_column vc_column_container\"><div class=\"vc_column-inner\"><div class=\"w-iconbox iconpos_top style_default color_primary align_left\"><a href=\"#fourth\" class=\"w-iconbox-link\" aria-label=\"%100 Garanti\"><div class=\"w-iconbox-icon\" style=\"font-size:3.3rem;\"><i class=\"fal fa-wreath\"><\/i><\/div><\/a><div class=\"w-iconbox-meta\"><a href=\"#fourth\" class=\"w-iconbox-link\" aria-label=\"%100 Garanti\"><h2 class=\"w-iconbox-title\" style=\"font-size:1.5rem;\">%100 Garanti<\/h2><\/a><div class=\"w-iconbox-text\"><p>D\u00fc\u015f\u00fcnceli sat\u0131\u015f sonras\u0131 servis. Zorluklar\u0131n\u0131zla ilgilenmek i\u00e7in her zaman haz\u0131r\u0131z<\/p>\n<\/div><\/div><\/div><\/div><\/div><\/div><\/div><\/section><section class=\"l-section wpb_row height_custom width_custom\" style=\"--site-content-width:1400px;\" id=\"first\"><div class=\"l-section-h i-cf\"><div class=\"g-cols vc_row via_grid cols_1 laptops-cols_inherit tablets-cols_inherit mobiles-cols_1 valign_top type_default stacking_default\"><div class=\"wpb_column vc_column_container\"><div class=\"vc_column-inner\"><div class=\"w-separator size_large\"><\/div><div class=\"w-grid type_metro layout_portfolio_4 ratio_1x1\" id=\"us_grid_1\" style=\"--gap:5px;\" data-filterable=\"true\"><style>#us_grid_1 .w-grid-item-h:before{padding-bottom:100%}.layout_portfolio_4 .w-grid-item-h:before{padding-bottom:100%}@media (min-width:601px){.layout_portfolio_4 .w-grid-item.size_1x2 .w-grid-item-h:before{padding-bottom:calc(200% + var(--gap,0px) * 2)}.layout_portfolio_4 .w-grid-item.size_2x1 .w-grid-item-h:before{padding-bottom:calc(50% - var(--gap,0px) * 1)}.layout_portfolio_4 .w-grid-item.size_2x2 .w-grid-item-h:before{padding-bottom:calc(100% - var(--gap,0px) * 0)}}.layout_portfolio_4 .w-grid-item-h{}.layout_portfolio_4 .usg_post_image_1{transition-duration:0.3s;transform-origin:50% 50%;transform:scale(1) translate(0%,0%)}.layout_portfolio_4 .w-grid-item-h:hover .usg_post_image_1{transform:scale(1) translate(0%,0%);opacity:0.1}.layout_portfolio_4 .usg_post_title_1{transition-duration:0.3s;transform-origin:50% 50%;transform:scale(1) translate(0%,-40px);opacity:0}.layout_portfolio_4 .w-grid-item-h:hover .usg_post_title_1{transform:scale(1) translate(0%,0%);opacity:1}.layout_portfolio_4 .usg_post_taxonomy_1{transition-duration:0.3s;transform-origin:50% 50%;transform:scale(1) translate(0%,-20px);opacity:0}.layout_portfolio_4 .w-grid-item-h:hover .usg_post_taxonomy_1{transform:scale(1) translate(0%,0%);opacity:0.75}.layout_portfolio_4 .usg_post_image_1{position:absolute!important;top:0!important;right:0!important;bottom:0!important;left:0!important}.layout_portfolio_4 .usg_vwrapper_1{position:absolute!important;top:0!important;right:0!important;bottom:0!important;left:0!important;padding:2rem!important}.layout_portfolio_4 .usg_post_title_1{color:inherit!important;font-size:1.4rem!important}<\/style><div class=\"w-grid-list\">\t<article class=\"w-grid-item size_1x1 post-9229 attachment type-attachment status-inherit hentry\" data-id=\"9229\">\r\n\t\t<div class=\"w-grid-item-h\">\r\n\t\t\t\t\t\t\t<a href=\"https:\/\/enzoart.co\/tr\/minyatur-tugla-insaat-seti\/\" class=\"w-grid-item-anchor\" aria-label=\"Minyat\u00fcr Tu\u011fla In\u015faat Seti\"><\/a>\r\n\t\t\t\t\t\t<div class=\"w-post-elm post_image usg_post_image_1 stretched\"><img loading=\"lazy\" decoding=\"async\" width=\"1024\" height=\"680\" src=\"https:\/\/enzoart.co\/wp-content\/uploads\/2025\/01\/Minyatur-Tugla-Insaat-Seti--1024x680.jpg\" class=\"attachment-large size-large\" alt=\"\" srcset=\"https:\/\/enzoart.co\/wp-content\/uploads\/2025\/01\/Minyatur-Tugla-Insaat-Seti--1024x680.jpg 1024w, https:\/\/enzoart.co\/wp-content\/uploads\/2025\/01\/Minyatur-Tugla-Insaat-Seti--300x199.jpg 300w, https:\/\/enzoart.co\/wp-content\/uploads\/2025\/01\/Minyatur-Tugla-Insaat-Seti--600x399.jpg 600w, https:\/\/enzoart.co\/wp-content\/uploads\/2025\/01\/Minyatur-Tugla-Insaat-Seti-.jpg 1100w\" sizes=\"auto, (max-width: 1024px) 100vw, 1024px\" \/><\/div><div class=\"w-vwrapper usg_vwrapper_1 align_none valign_bottom\"><h2 class=\"w-post-elm post_title usg_post_title_1 has_text_color entry-title color_link_inherit\">Minyat\u00fcr Tu\u011fla In\u015faat Seti<\/h2><\/div>\t\t<\/div>\r\n\t\t\t<\/article>\r\n\t<article class=\"w-grid-item size_1x1 post-9227 attachment type-attachment status-inherit hentry\" data-id=\"9227\">\r\n\t\t<div class=\"w-grid-item-h\">\r\n\t\t\t\t\t\t\t<a href=\"https:\/\/enzoart.co\/tr\/minyatur-insaat-yapi-hobi-seti\/\" class=\"w-grid-item-anchor\" aria-label=\"Minyat\u00fcr \u0130n\u015faat Yap\u0131 Hobi Seti\"><\/a>\r\n\t\t\t\t\t\t<div class=\"w-post-elm post_image usg_post_image_1 stretched\"><img loading=\"lazy\" decoding=\"async\" width=\"1024\" height=\"683\" src=\"https:\/\/enzoart.co\/wp-content\/uploads\/2025\/01\/Minyatur-Insaat-Yapi-Hobi-Seti-1024x683.jpg\" class=\"attachment-large size-large\" alt=\"\" srcset=\"https:\/\/enzoart.co\/wp-content\/uploads\/2025\/01\/Minyatur-Insaat-Yapi-Hobi-Seti-1024x683.jpg 1024w, https:\/\/enzoart.co\/wp-content\/uploads\/2025\/01\/Minyatur-Insaat-Yapi-Hobi-Seti-300x200.jpg 300w, https:\/\/enzoart.co\/wp-content\/uploads\/2025\/01\/Minyatur-Insaat-Yapi-Hobi-Seti-600x400.jpg 600w, https:\/\/enzoart.co\/wp-content\/uploads\/2025\/01\/Minyatur-Insaat-Yapi-Hobi-Seti.jpg 1200w\" sizes=\"auto, (max-width: 1024px) 100vw, 1024px\" \/><\/div><div class=\"w-vwrapper usg_vwrapper_1 align_none valign_bottom\"><h2 class=\"w-post-elm post_title usg_post_title_1 has_text_color entry-title color_link_inherit\">Minyat\u00fcr \u0130n\u015faat Yap\u0131 Hobi Seti<\/h2><\/div>\t\t<\/div>\r\n\t\t\t<\/article>\r\n\t<article class=\"w-grid-item size_1x1 post-9223 attachment type-attachment status-inherit hentry\" data-id=\"9223\">\r\n\t\t<div class=\"w-grid-item-h\">\r\n\t\t\t\t\t\t\t<a href=\"https:\/\/enzoart.co\/tr\/enzo-art-kucuk-mimarlik-kitler\/\" class=\"w-grid-item-anchor\" aria-label=\"Enzo Art K\u00fc\u00e7\u00fck Mimarl\u0131k Kitler\"><\/a>\r\n\t\t\t\t\t\t<div class=\"w-post-elm post_image usg_post_image_1 stretched\"><img loading=\"lazy\" decoding=\"async\" width=\"900\" height=\"912\" src=\"https:\/\/enzoart.co\/wp-content\/uploads\/2025\/01\/Enzo-Art-Kucuk-Mimarlik-Kitler.jpg\" class=\"attachment-large size-large\" alt=\"\" srcset=\"https:\/\/enzoart.co\/wp-content\/uploads\/2025\/01\/Enzo-Art-Kucuk-Mimarlik-Kitler.jpg 900w, https:\/\/enzoart.co\/wp-content\/uploads\/2025\/01\/Enzo-Art-Kucuk-Mimarlik-Kitler-296x300.jpg 296w, https:\/\/enzoart.co\/wp-content\/uploads\/2025\/01\/Enzo-Art-Kucuk-Mimarlik-Kitler-600x608.jpg 600w\" sizes=\"auto, (max-width: 900px) 100vw, 900px\" \/><\/div><div class=\"w-vwrapper usg_vwrapper_1 align_none valign_bottom\"><h2 class=\"w-post-elm post_title usg_post_title_1 has_text_color entry-title color_link_inherit\">Enzo Art K\u00fc\u00e7\u00fck Mimarl\u0131k Kitler<\/h2><\/div>\t\t<\/div>\r\n\t\t\t<\/article>\r\n\t<article class=\"w-grid-item size_1x1 post-9221 attachment type-attachment status-inherit hentry\" data-id=\"9221\">\r\n\t\t<div class=\"w-grid-item-h\">\r\n\t\t\t\t\t\t\t<a href=\"https:\/\/enzoart.co\/tr\/enzo-art-kucuk-mimar\/\" class=\"w-grid-item-anchor\" aria-label=\"Enzo Art K\u00fc\u00e7\u00fck Mimar\"><\/a>\r\n\t\t\t\t\t\t<div class=\"w-post-elm post_image usg_post_image_1 stretched\"><img loading=\"lazy\" decoding=\"async\" width=\"1024\" height=\"683\" src=\"https:\/\/enzoart.co\/wp-content\/uploads\/2025\/01\/Enzo-Art-Kucuk-Mimar-1024x683.jpg\" class=\"attachment-large size-large\" alt=\"\" srcset=\"https:\/\/enzoart.co\/wp-content\/uploads\/2025\/01\/Enzo-Art-Kucuk-Mimar-1024x683.jpg 1024w, https:\/\/enzoart.co\/wp-content\/uploads\/2025\/01\/Enzo-Art-Kucuk-Mimar-300x200.jpg 300w, https:\/\/enzoart.co\/wp-content\/uploads\/2025\/01\/Enzo-Art-Kucuk-Mimar-600x400.jpg 600w, https:\/\/enzoart.co\/wp-content\/uploads\/2025\/01\/Enzo-Art-Kucuk-Mimar.jpg 1200w\" sizes=\"auto, (max-width: 1024px) 100vw, 1024px\" \/><\/div><div class=\"w-vwrapper usg_vwrapper_1 align_none valign_bottom\"><h2 class=\"w-post-elm post_title usg_post_title_1 has_text_color entry-title color_link_inherit\">Enzo Art K\u00fc\u00e7\u00fck Mimar<\/h2><\/div>\t\t<\/div>\r\n\t\t\t<\/article>\r\n\t<article class=\"w-grid-item size_1x1 post-9231 attachment type-attachment status-inherit hentry\" data-id=\"9231\">\r\n\t\t<div class=\"w-grid-item-h\">\r\n\t\t\t\t\t\t\t<a href=\"https:\/\/enzoart.co\/tr\/minyatur-tugla-setleri\/\" class=\"w-grid-item-anchor\" aria-label=\"Minyat\u00fcr Tu\u011fla Setleri\"><\/a>\r\n\t\t\t\t\t\t<div class=\"w-post-elm post_image usg_post_image_1 stretched\"><img loading=\"lazy\" decoding=\"async\" width=\"1024\" height=\"768\" src=\"https:\/\/enzoart.co\/wp-content\/uploads\/2025\/01\/Minyatur-Tugla-Setleri-1024x768.jpg\" class=\"attachment-large size-large\" alt=\"\" srcset=\"https:\/\/enzoart.co\/wp-content\/uploads\/2025\/01\/Minyatur-Tugla-Setleri-1024x768.jpg 1024w, https:\/\/enzoart.co\/wp-content\/uploads\/2025\/01\/Minyatur-Tugla-Setleri-300x225.jpg 300w, https:\/\/enzoart.co\/wp-content\/uploads\/2025\/01\/Minyatur-Tugla-Setleri-600x450.jpg 600w, https:\/\/enzoart.co\/wp-content\/uploads\/2025\/01\/Minyatur-Tugla-Setleri.jpg 1100w\" sizes=\"auto, (max-width: 1024px) 100vw, 1024px\" \/><\/div><div class=\"w-vwrapper usg_vwrapper_1 align_none valign_bottom\"><h2 class=\"w-post-elm post_title usg_post_title_1 has_text_color entry-title color_link_inherit\">Minyat\u00fcr Tu\u011fla Setleri<\/h2><\/div>\t\t<\/div>\r\n\t\t\t<\/article>\r\n\t<article class=\"w-grid-item size_1x1 post-9225 attachment type-attachment status-inherit hentry\" data-id=\"9225\">\r\n\t\t<div class=\"w-grid-item-h\">\r\n\t\t\t\t\t\t\t<a href=\"https:\/\/enzoart.co\/tr\/minyatur-ev-yapim-seti\/\" class=\"w-grid-item-anchor\" aria-label=\"Minyat\u00fcr Ev Yap\u0131m Seti\"><\/a>\r\n\t\t\t\t\t\t<div class=\"w-post-elm post_image usg_post_image_1 stretched\"><img loading=\"lazy\" decoding=\"async\" width=\"1024\" height=\"682\" src=\"https:\/\/enzoart.co\/wp-content\/uploads\/2025\/01\/Minyatur-Ev-Yapim-Seti-1024x682.jpg\" class=\"attachment-large size-large\" alt=\"\" srcset=\"https:\/\/enzoart.co\/wp-content\/uploads\/2025\/01\/Minyatur-Ev-Yapim-Seti-1024x682.jpg 1024w, https:\/\/enzoart.co\/wp-content\/uploads\/2025\/01\/Minyatur-Ev-Yapim-Seti-300x200.jpg 300w, https:\/\/enzoart.co\/wp-content\/uploads\/2025\/01\/Minyatur-Ev-Yapim-Seti-600x400.jpg 600w, https:\/\/enzoart.co\/wp-content\/uploads\/2025\/01\/Minyatur-Ev-Yapim-Seti.jpg 1100w\" sizes=\"auto, (max-width: 1024px) 100vw, 1024px\" \/><\/div><div class=\"w-vwrapper usg_vwrapper_1 align_none valign_bottom\"><h2 class=\"w-post-elm post_title usg_post_title_1 has_text_color entry-title color_link_inherit\">Minyat\u00fcr Ev Yap\u0131m Seti<\/h2><\/div>\t\t<\/div>\r\n\t\t\t<\/article>\r\n<\/div><div class=\"w-grid-preloader\">\t<div class=\"g-preloader type_1\">\r\n\t\t<div><\/div>\r\n\t<\/div>\r\n\t<\/div>\t<div class=\"w-grid-json hidden\" onclick='return {&quot;action&quot;:&quot;us_ajax_grid&quot;,&quot;infinite_scroll&quot;:0,&quot;max_num_pages&quot;:1,&quot;pagination&quot;:&quot;none&quot;,&quot;template_vars&quot;:{&quot;columns&quot;:&quot;2&quot;,&quot;exclude_items&quot;:&quot;none&quot;,&quot;img_size&quot;:&quot;default&quot;,&quot;ignore_items_size&quot;:0,&quot;items_layout&quot;:&quot;portfolio_4&quot;,&quot;items_offset&quot;:&quot;1&quot;,&quot;load_animation&quot;:&quot;none&quot;,&quot;overriding_link&quot;:&quot;%7B%22type%22%3A%22post%22%7D&quot;,&quot;post_id&quot;:0,&quot;query_args&quot;:{&quot;post_type&quot;:[&quot;attachment&quot;],&quot;post__in&quot;:[&quot;9229&quot;,&quot;9227&quot;,&quot;9223&quot;,&quot;9221&quot;,&quot;9231&quot;,&quot;9225&quot;],&quot;post_status&quot;:&quot;inherit&quot;,&quot;post_mime_type&quot;:&quot;image&quot;,&quot;posts_per_page&quot;:&quot;6&quot;},&quot;orderby_query_args&quot;:{&quot;orderby&quot;:{&quot;post__in&quot;:&quot;ASC&quot;},&quot;order&quot;:&quot;ASC&quot;},&quot;type&quot;:&quot;metro&quot;,&quot;us_grid_post_type&quot;:&quot;attachment&quot;,&quot;us_grid_ajax_index&quot;:1,&quot;us_grid_filter_params&quot;:[],&quot;us_grid_index&quot;:1,&quot;page_args&quot;:[],&quot;lang&quot;:&quot;tr&quot;}}'><\/div>\r\n\t<\/div><div class=\"w-separator size_large\"><\/div><div class=\"w-btn-wrapper align_center\"><a class=\"w-btn us-btn-style_1\" href=\"#\"><span class=\"w-btn-label\">T\u00fcm Portf\u00f6y\u00fc G\u00f6r\u00fcnt\u00fcle<\/span><\/a><\/div><\/div><\/div><\/div><\/div><\/section><section class=\"l-section wpb_row height_auto\" id=\"third\"><div class=\"l-section-h i-cf\"><div class=\"g-cols vc_row via_grid cols_1 laptops-cols_inherit tablets-cols_inherit mobiles-cols_1 valign_top type_default stacking_default\"><div class=\"wpb_column vc_column_container\"><div class=\"vc_column-inner\"><div class=\"wpb_text_column\"><div class=\"wpb_wrapper\"><h2 style=\"text-align: center;\">Hizmetlerimizin \u00f6zeti<\/h2>\n<\/div><\/div><div class=\"w-separator size_large\"><\/div><div class=\"g-cols wpb_row via_grid cols_3 laptops-cols_inherit tablets-cols_inherit mobiles-cols_1 valign_top type_default stacking_default\" style=\"--gap:3rem;\"><div class=\"wpb_column vc_column_container\"><div class=\"vc_column-inner\"><div class=\"w-iconbox iconpos_left style_default color_primary align_left\"><div class=\"w-iconbox-icon\" style=\"font-size:2rem;\"><i class=\"far fa-check\"><\/i><\/div><div class=\"w-iconbox-meta\"><h3 class=\"w-iconbox-title\" style=\"font-size:1.5rem;\">En y\u00fcksek kalite<\/h3><div class=\"w-iconbox-text\"><ul>\n<li>D\u00fcnyan\u0131n minyat\u00fcr ta\u015f ve tu\u011fla \u00fcretiminde en y\u00fcksek kalite<\/li>\n<\/ul>\n<\/div><\/div><\/div><\/div><\/div><div class=\"wpb_column vc_column_container\"><div class=\"vc_column-inner\"><div class=\"w-iconbox iconpos_left style_default color_primary align_left\"><div class=\"w-iconbox-icon\" style=\"font-size:2rem;\"><i class=\"far fa-baby\"><\/i><\/div><div class=\"w-iconbox-meta\"><h3 class=\"w-iconbox-title\" style=\"font-size:1.5rem;\">Nostalji Duygusu<\/h3><div class=\"w-iconbox-text\"><ul>\n<li>Ta\u015f ve tu\u011fla yap\u0131lar\u0131n in\u015fas\u0131nda nostalji ve heyecan duygusu yaratmak<\/li>\n<\/ul>\n<\/div><\/div><\/div><\/div><\/div><div class=\"wpb_column vc_column_container\"><div class=\"vc_column-inner\"><div class=\"w-iconbox iconpos_left style_default color_primary align_left\"><div class=\"w-iconbox-icon\" style=\"font-size:2rem;\"><i class=\"far fa-fingerprint\"><\/i><\/div><div class=\"w-iconbox-meta\"><h3 class=\"w-iconbox-title\" style=\"font-size:1.5rem;\">Benzersiz Tasar\u0131m<\/h3><div class=\"w-iconbox-text\"><ul>\n<li>Minyat\u00fcr tu\u011fla kitlerinin \u00fcretiminde g\u00fczel ve benzersiz tasar\u0131m<\/li>\n<\/ul>\n<\/div><\/div><\/div><\/div><\/div><div class=\"wpb_column vc_column_container\"><div class=\"vc_column-inner\"><div class=\"w-iconbox iconpos_left style_default color_primary align_left\"><div class=\"w-iconbox-icon\" style=\"font-size:2rem;\"><i class=\"far fa-hands-heart\"><\/i><\/div><div class=\"w-iconbox-meta\"><h3 class=\"w-iconbox-title\" style=\"font-size:1.5rem;\">Sevgiyle El Yap\u0131m\u0131<\/h3><div class=\"w-iconbox-text\"><ul>\n<li>Ara\u00e7 folyo giydirme Hizmetleri<\/li>\n<li>Montaj hizmetleri sunulmaktad\u0131r<\/li>\n<li>G\u00fczel ve keskin g\u00f6r\u00fcnt\u00fc kalitesi<\/li>\n<\/ul>\n<\/div><\/div><\/div><\/div><\/div><div class=\"wpb_column vc_column_container\"><div class=\"vc_column-inner\"><div class=\"w-iconbox iconpos_left style_default color_primary align_left\"><div class=\"w-iconbox-icon\" style=\"font-size:2rem;\"><i class=\"far fa-gifts\"><\/i><\/div><div class=\"w-iconbox-meta\"><h3 class=\"w-iconbox-title\" style=\"font-size:1.5rem;\">Her ya\u015f grubuna uygun hediye<\/h3><div class=\"w-iconbox-text\"><ul>\n<li>Her ya\u015f grubuna uygun de\u011ferli, zarif ve unutulmaz bir hediye<\/li>\n<\/ul>\n<\/div><\/div><\/div><\/div><\/div><div class=\"wpb_column vc_column_container\"><div class=\"vc_column-inner\"><div class=\"w-iconbox iconpos_left style_default color_primary align_left\"><div class=\"w-iconbox-icon\" style=\"font-size:2rem;\"><i class=\"far fa-head-side-brain\"><\/i><\/div><div class=\"w-iconbox-meta\"><h3 class=\"w-iconbox-title\" style=\"font-size:1.5rem;\">Yarat\u0131c\u0131l\u0131k<\/h3><div class=\"w-iconbox-text\"><ul>\n<li>\u00d6zg\u00fcven duygusunu, yarat\u0131c\u0131l\u0131\u011f\u0131 ve\u00a0 elbecerilerini art\u0131rmak<\/li>\n<\/ul>\n<\/div><\/div><\/div><\/div><\/div><div class=\"wpb_column vc_column_container\"><div class=\"vc_column-inner\"><div class=\"w-iconbox iconpos_left style_default color_primary align_left\"><div class=\"w-iconbox-icon\" style=\"font-size:2rem;\"><i class=\"far fa-badge-check\"><\/i><\/div><div class=\"w-iconbox-meta\"><h3 class=\"w-iconbox-title\" style=\"font-size:1.5rem;\">\u00dcr\u00fcn kalite kontrol\u00fc<\/h3><div class=\"w-iconbox-text\"><ul>\n<li>\u00dcretim ve paketlemenin t\u00fcm a\u015famalar\u0131nda \u00fcr\u00fcn kalite kontrol\u00fc<\/li>\n<\/ul>\n<\/div><\/div><\/div><\/div><\/div><div class=\"wpb_column vc_column_container\"><div class=\"vc_column-inner\"><div class=\"w-iconbox iconpos_left style_default color_primary align_left\"><div class=\"w-iconbox-icon\" style=\"font-size:2rem;\"><i class=\"far fa-undo\"><\/i><\/div><div class=\"w-iconbox-meta\"><h3 class=\"w-iconbox-title\" style=\"font-size:1.5rem;\">De\u011fi\u015ftirme Garantisi<\/h3><div class=\"w-iconbox-text\"><ul>\n<li>Alt\u0131 aya kadar \u00fcr\u00fcn de\u011fi\u015ftirme garantisi<\/li>\n<\/ul>\n<\/div><\/div><\/div><\/div><\/div><div class=\"wpb_column vc_column_container\"><div class=\"vc_column-inner\"><div class=\"w-iconbox iconpos_left style_default color_primary align_left\"><div class=\"w-iconbox-icon\" style=\"font-size:2rem;\"><i class=\"far fa-leaf-heart\"><\/i><\/div><div class=\"w-iconbox-meta\"><h3 class=\"w-iconbox-title\" style=\"font-size:1.5rem;\">\u00c7evre Dostu<\/h3><div class=\"w-iconbox-text\"><ul>\n<li>Sa\u011fl\u0131\u011fa zarars\u0131z malzemeler\n<p>Geri d\u00f6n\u00fc\u015ft\u00fcr\u00fclebilir ham maddeler<\/li>\n<\/ul>\n<\/div><\/div><\/div><\/div><\/div><\/div><div class=\"w-separator size_large\"><\/div><\/div><\/div><\/div><\/div><\/section><section class=\"l-section wpb_row height_custom color_primary\" id=\"fourth\"><div class=\"l-section-h i-cf\"><div class=\"g-cols vc_row via_grid cols_1 laptops-cols_inherit tablets-cols_inherit mobiles-cols_1 valign_top type_default stacking_default\"><div class=\"wpb_column vc_column_container\"><div class=\"vc_column-inner\"><div class=\"w-actionbox color_primary controls_right\"><div class=\"w-actionbox-text\"><h2 class=\"w-actionbox-title\">K\u00fc\u00e7\u00fck Detaylar B\u00fcy\u00fck Etki Yarat\u0131r!<\/h2><\/div><div class=\"w-actionbox-controls\"><a class=\"w-btn us-btn-style_4\" target=\"_blank\" rel=\"nofollow\" href=\"https:\/\/wa.me\/905380193503\" style=\"font-size:1.2rem;\"><span class=\"w-btn-label\">ARA<\/span><\/a><\/div><\/div><\/div><\/div><\/div><\/div><\/section>\n","protected":false},"excerpt":{"rendered":"","protected":false},"author":3,"featured_media":0,"parent":0,"menu_order":0,"comment_status":"closed","ping_status":"closed","template":"","meta":{"footnotes":""},"class_list":["post-9102","page","type-page","status-publish","hentry"],"_links":{"self":[{"href":"https:\/\/enzoart.co\/tr\/wp-json\/wp\/v2\/pages\/9102","targetHints":{"allow":["GET"]}}],"collection":[{"href":"https:\/\/enzoart.co\/tr\/wp-json\/wp\/v2\/pages"}],"about":[{"href":"https:\/\/enzoart.co\/tr\/wp-json\/wp\/v2\/types\/page"}],"author":[{"embeddable":true,"href":"https:\/\/enzoart.co\/tr\/wp-json\/wp\/v2\/users\/3"}],"replies":[{"embeddable":true,"href":"https:\/\/enzoart.co\/tr\/wp-json\/wp\/v2\/comments?post=9102"}],"version-history":[{"count":8,"href":"https:\/\/enzoart.co\/tr\/wp-json\/wp\/v2\/pages\/9102\/revisions"}],"predecessor-version":[{"id":9265,"href":"https:\/\/enzoart.co\/tr\/wp-json\/wp\/v2\/pages\/9102\/revisions\/9265"}],"wp:attachment":[{"href":"https:\/\/enzoart.co\/tr\/wp-json\/wp\/v2\/media?parent=9102"}],"curies":[{"name":"wp","href":"https:\/\/api.w.org\/{rel}","templated":true}]}}