{"id":9410,"date":"2015-08-26T14:14:01","date_gmt":"2015-08-26T14:14:01","guid":{"rendered":"https:\/\/enzoart.co\/our-blog\/"},"modified":"2015-08-26T14:14:01","modified_gmt":"2015-08-26T14:14:01","slug":"our-blog","status":"publish","type":"page","link":"https:\/\/enzoart.co\/tr\/our-blog\/","title":{"rendered":"Our Blog"},"content":{"rendered":"<section class=\"l-section wpb_row height_custom\"><div class=\"l-section-h i-cf\"><div class=\"g-cols vc_row via_grid cols_1 laptops-cols_inherit tablets-cols_inherit mobiles-cols_1 valign_top type_default stacking_default\"><div class=\"wpb_column vc_column_container\"><div class=\"vc_column-inner\"><form class=\"w-filter state_desktop layout_hor items_1 style_switch_default align_center show_on_hover hide_item_title\" action onsubmit=\"return false;\" onclick='return {&quot;filterPrefix&quot;:&quot;filter&quot;,&quot;hideDisabledValues&quot;:false,&quot;layout&quot;:&quot;hor&quot;,&quot;mobileWidth&quot;:600,&quot;use_grid&quot;:&quot;first&quot;,&quot;gridNotFoundMessage&quot;:&quot;Nothing to filter. Add a suitable Grid to this page.&quot;}'><div class=\"w-filter-list\"><div class=\"w-filter-list-title\">Filters<\/div><button class=\"w-filter-list-closer\" title=\"Kapat\" aria=label=\"Kapat\"><\/button><div class=\"w-filter-item type_checkbox\" data-source=\"tax|category\"><button class=\"w-filter-item-title\">Kategori<span><\/span><\/button><a class=\"w-filter-item-reset\" href=\"#\" title=\"Reset\"><span>Reset<\/span><\/a><div class=\"w-filter-item-values\" data-maxheight=\"40vh\" style=\"max-height:40vh\"><div class=\"w-filter-item-value\" data-item-amount=\"2\"><label><input type=\"checkbox\" value=\"toys-tr\" name=\"filter_category\"><span class=\"w-filter-item-value-label\">toys<\/span><span class=\"w-filter-item-value-amount\">2<\/span><\/label><\/div><\/div><\/div><\/div><div class=\"w-filter-list-panel\"><button class=\"w-btn us-btn-style_1\"><span class=\"w-btn-label\">Uygula<\/span><\/button><\/div><style>@media( max-width:600px ){.w-filter.state_desktop .w-filter-list,.w-filter-item-title>span{display:none}.w-filter-opener{display:inline-block}}<\/style><button class=\"w-filter-opener\"><span>Filters<\/span><\/button><div class=\"w-filter-json-filters-args hidden\" onclick='return {&quot;taxonomies_query_args&quot;:{&quot;tax|category&quot;:{&quot;toys-tr&quot;:{&quot;fields&quot;:&quot;ids&quot;,&quot;nopaging&quot;:true,&quot;post_status&quot;:[&quot;publish&quot;,&quot;inherit&quot;],&quot;post_type&quot;:[&quot;post&quot;],&quot;posts_per_page&quot;:1,&quot;suppress_filters&quot;:true,&quot;tax_query&quot;:[{&quot;taxonomy&quot;:&quot;category&quot;,&quot;field&quot;:&quot;slug&quot;,&quot;terms&quot;:&quot;toys-tr&quot;}]},&quot;uncategorized-tr&quot;:{&quot;fields&quot;:&quot;ids&quot;,&quot;nopaging&quot;:true,&quot;post_status&quot;:[&quot;publish&quot;,&quot;inherit&quot;],&quot;post_type&quot;:[&quot;post&quot;],&quot;posts_per_page&quot;:1,&quot;suppress_filters&quot;:true,&quot;tax_query&quot;:[{&quot;taxonomy&quot;:&quot;category&quot;,&quot;field&quot;:&quot;slug&quot;,&quot;terms&quot;:&quot;uncategorized-tr&quot;}]}}}}'><\/div><\/form><div class=\"w-separator size_medium\"><\/div><div class=\"w-grid type_masonry layout_blog_11 cols_2 with_isotope with_css_animation\" id=\"us_grid_1\" style=\"--gap:1.5rem;\" data-filterable=\"true\"><style>@media (max-width:600px){#us_grid_1 .w-grid-list{margin:0}#us_grid_1 .w-grid-item{width:100%;padding:0;margin-bottom:var(--gap,0px)}}.layout_blog_11 .w-grid-item-h{}.layout_blog_11 .usg_post_title_1{font-size:1.4rem!important;font-weight:700!important;margin-bottom:0.5rem!important}.layout_blog_11 .usg_hwrapper_1{color:var(--color-content-faded)!important;font-size:0.9rem!important}.layout_blog_11 .usg_post_taxonomy_1{font-weight:700!important;text-transform:uppercase!important}.layout_blog_11 .usg_post_image_1{margin-top:0.7rem!important}.layout_blog_11 .usg_post_content_1{max-width:600px!important;margin-top:0.8rem!important}@media (max-width:600px){.layout_blog_11 .usg_post_title_1{font-size:1.2rem!important}}<\/style><div class=\"w-grid-list\">\t<article class=\"w-grid-item us_animate_aft off_autostart size_1x1 post-9400 post type-post status-publish format-standard has-post-thumbnail hentry category-toys-tr\" data-id=\"9400\" style=\"animation-delay:0s\">\r\n\t\t<div class=\"w-grid-item-h\">\r\n\t\t\t\t\t\t<h2 class=\"w-post-elm post_title usg_post_title_1 entry-title color_link_inherit\"><a href=\"https:\/\/enzoart.co\/tr\/enzo-art-bricks\/\">Enzo Art Tu\u011flalar<\/a><\/h2><div class=\"w-hwrapper usg_hwrapper_1 has_text_color align_none valign_top wrap\"><div class=\"w-post-elm post_taxonomy usg_post_taxonomy_1 style_simple\"><a class=\"term-61 term-toys-tr\" href=\"https:\/\/enzoart.co\/tr\/category\/toys-tr\/\">toys<\/a><\/div><time class=\"w-post-elm post_date usg_post_date_1 entry-date published\" datetime=\"2025-03-30T13:57:17+00:00\" title=\"30 Mart 2025, 13:57:17 +00:00\">1 y\u0131l \u00f6nce<\/time><\/div><div class=\"w-post-elm post_image usg_post_image_1 stretched\"><a href=\"https:\/\/enzoart.co\/tr\/enzo-art-bricks\/\" aria-label=\"Enzo Art Tu\u011flalar\"><img loading=\"lazy\" decoding=\"async\" width=\"850\" height=\"638\" src=\"https:\/\/enzoart.co\/wp-content\/uploads\/2025\/03\/enzo-art-minyatur-tuglalar.jpg\" class=\"attachment-large size-large wp-post-image\" alt=\"enzo-art-minyatur-tuglalar\" srcset=\"https:\/\/enzoart.co\/wp-content\/uploads\/2025\/03\/enzo-art-minyatur-tuglalar.jpg 850w, https:\/\/enzoart.co\/wp-content\/uploads\/2025\/03\/enzo-art-minyatur-tuglalar-300x225.jpg 300w, https:\/\/enzoart.co\/wp-content\/uploads\/2025\/03\/enzo-art-minyatur-tuglalar-600x450.jpg 600w\" sizes=\"auto, (max-width: 850px) 100vw, 850px\" \/><\/a><\/div><div class=\"w-post-elm post_content usg_post_content_1\">Minyat\u00fcr Tu\u011flalarla Yarat\u0131c\u0131l\u0131\u011f\u0131n\u0131z\u0131 Ke\u015ffedin! &nbsp; Minyat\u00fcr tu\u011flalarla in\u015fa ederken ve \u00e7al\u0131\u015f\u0131rken, zaman\u0131n nas\u0131l ge\u00e7ti\u011fini fark etmeyeceksiniz! Ger\u00e7ek tu\u011flalarla \u00e7al\u0131\u015fman\u0131n nostaljik hissi, dokunma duyunuzu harekete ge\u00e7irirken ayn\u0131 zamanda keyifli ve tatmin&hellip;<\/div>\t\t<\/div>\r\n\t\t\t<\/article>\r\n\t<article class=\"w-grid-item us_animate_aft off_autostart size_1x1 post-9218 post type-post status-publish format-standard has-post-thumbnail hentry category-toys-tr\" data-id=\"9218\" style=\"animation-delay:0.1s\">\r\n\t\t<div class=\"w-grid-item-h\">\r\n\t\t\t\t\t\t<h2 class=\"w-post-elm post_title usg_post_title_1 entry-title color_link_inherit\"><a href=\"https:\/\/enzoart.co\/tr\/egitici-degerli-oyuncaklar\/\">E\u011fitici De\u011ferli Oyuncaklar<\/a><\/h2><div class=\"w-hwrapper usg_hwrapper_1 has_text_color align_none valign_top wrap\"><div class=\"w-post-elm post_taxonomy usg_post_taxonomy_1 style_simple\"><a class=\"term-61 term-toys-tr\" href=\"https:\/\/enzoart.co\/tr\/category\/toys-tr\/\">toys<\/a><\/div><time class=\"w-post-elm post_date usg_post_date_1 entry-date published\" datetime=\"2024-12-18T18:13:21+00:00\" title=\"18 Aral\u0131k 2024, 18:13:21 +00:00\">1 y\u0131l \u00f6nce<\/time><\/div><div class=\"w-post-elm post_image usg_post_image_1 stretched\"><a href=\"https:\/\/enzoart.co\/tr\/egitici-degerli-oyuncaklar\/\" aria-label=\"E\u011fitici De\u011ferli Oyuncaklar\"><img loading=\"lazy\" decoding=\"async\" width=\"1000\" height=\"667\" src=\"https:\/\/enzoart.co\/wp-content\/uploads\/2024\/12\/miniature-bricks-house.jpg\" class=\"attachment-large size-large wp-post-image\" alt=\"\" srcset=\"https:\/\/enzoart.co\/wp-content\/uploads\/2024\/12\/miniature-bricks-house.jpg 1000w, https:\/\/enzoart.co\/wp-content\/uploads\/2024\/12\/miniature-bricks-house-300x200.jpg 300w, https:\/\/enzoart.co\/wp-content\/uploads\/2024\/12\/miniature-bricks-house-600x400.jpg 600w\" sizes=\"auto, (max-width: 1000px) 100vw, 1000px\" \/><\/a><\/div><div class=\"w-post-elm post_content usg_post_content_1\">E\u011fitici De\u011ferli Oyuncaklar \u00c7ocu\u011funuza yap\u0131 malzemeleri ve kullan\u0131mlar\u0131 hakk\u0131nda ilk bilgilerini e\u011flenceli bir \u015fekilde \u00f6\u011fretin. El becerilerini, mant\u0131ksal ak\u0131l y\u00fcr\u00fctmeyi, yarat\u0131c\u0131l\u0131\u011f\u0131 ve \u00f6zg\u00fcveni te\u015fvik edin. Enzo Art in\u015faat kitleri \u00e7ocuklara&hellip;<\/div>\t\t<\/div>\r\n\t\t\t<\/article>\r\n<\/div><div class=\"w-grid-preloader\">\t<div class=\"g-preloader type_1\">\r\n\t\t<div><\/div>\r\n\t<\/div>\r\n\t<\/div>\t<div class=\"w-grid-json hidden\" onclick='return {&quot;action&quot;:&quot;us_ajax_grid&quot;,&quot;infinite_scroll&quot;:0,&quot;max_num_pages&quot;:1,&quot;pagination&quot;:&quot;infinite&quot;,&quot;template_vars&quot;:{&quot;columns&quot;:&quot;2&quot;,&quot;exclude_items&quot;:&quot;none&quot;,&quot;img_size&quot;:&quot;default&quot;,&quot;ignore_items_size&quot;:0,&quot;items_layout&quot;:&quot;blog_11&quot;,&quot;items_offset&quot;:&quot;1&quot;,&quot;load_animation&quot;:&quot;aft&quot;,&quot;overriding_link&quot;:&quot;{\\&quot;url\\&quot;:\\&quot;\\&quot;}&quot;,&quot;post_id&quot;:0,&quot;query_args&quot;:{&quot;post_type&quot;:[&quot;post&quot;],&quot;post_status&quot;:[&quot;publish&quot;],&quot;posts_per_page&quot;:&quot;8&quot;},&quot;orderby_query_args&quot;:{&quot;orderby&quot;:{&quot;date&quot;:&quot;DESC&quot;}},&quot;type&quot;:&quot;masonry&quot;,&quot;us_grid_post_type&quot;:&quot;post&quot;,&quot;us_grid_ajax_index&quot;:1,&quot;us_grid_filter_params&quot;:[],&quot;us_grid_index&quot;:1,&quot;page_args&quot;:[],&quot;lang&quot;:&quot;tr&quot;}}'><\/div>\r\n\t<\/div><\/div><\/div><\/div><\/div><\/section>\n","protected":false},"excerpt":{"rendered":"","protected":false},"author":3,"featured_media":0,"parent":0,"menu_order":0,"comment_status":"closed","ping_status":"closed","template":"","meta":{"footnotes":""},"class_list":["post-9410","page","type-page","status-publish","hentry"],"_links":{"self":[{"href":"https:\/\/enzoart.co\/tr\/wp-json\/wp\/v2\/pages\/9410","targetHints":{"allow":["GET"]}}],"collection":[{"href":"https:\/\/enzoart.co\/tr\/wp-json\/wp\/v2\/pages"}],"about":[{"href":"https:\/\/enzoart.co\/tr\/wp-json\/wp\/v2\/types\/page"}],"author":[{"embeddable":true,"href":"https:\/\/enzoart.co\/tr\/wp-json\/wp\/v2\/users\/3"}],"replies":[{"embeddable":true,"href":"https:\/\/enzoart.co\/tr\/wp-json\/wp\/v2\/comments?post=9410"}],"version-history":[{"count":0,"href":"https:\/\/enzoart.co\/tr\/wp-json\/wp\/v2\/pages\/9410\/revisions"}],"wp:attachment":[{"href":"https:\/\/enzoart.co\/tr\/wp-json\/wp\/v2\/media?parent=9410"}],"curies":[{"name":"wp","href":"https:\/\/api.w.org\/{rel}","templated":true}]}}