{"id":9414,"date":"2024-07-25T13:17:46","date_gmt":"2024-07-25T13:17:46","guid":{"rendered":"https:\/\/enzoart.co\/about-us\/"},"modified":"2025-03-30T15:06:13","modified_gmt":"2025-03-30T15:06:13","slug":"about-us","status":"publish","type":"page","link":"https:\/\/enzoart.co\/tr\/about-us\/","title":{"rendered":"About Us"},"content":{"rendered":"<section class=\"l-section wpb_row height_custom color_primary with_img parallax_hor bgwidth_120\"><div class=\"l-section-img\" role=\"img\" data-img-width=\"1600\" data-img-height=\"1600\" style=\"background-image: url(https:\/\/enzoart.co\/wp-content\/uploads\/2023\/10\/us-placeholder-landscape.jpg);\"><\/div><div class=\"l-section-overlay\" style=\"background:rgba(2,2,2,0.67)\"><\/div><div class=\"l-section-h i-cf\"><div class=\"g-cols vc_row via_grid cols_1 laptops-cols_inherit tablets-cols_inherit mobiles-cols_1 valign_top type_default stacking_default\"><div class=\"wpb_column vc_column_container\"><div class=\"vc_column-inner\"><div class=\"wpb_text_column\"><div class=\"wpb_wrapper\"><h1 style=\"text-align: center;\">The Enzo Art Story<\/h1>\n<\/div><\/div><div class=\"w-separator size_small\"><\/div><div class=\"w-iconbox iconpos_top style_default color_custom align_center no_text no_title\"><a href=\"#intro\" class=\"w-iconbox-link\" aria-label=\"far|chevron-down\"><div class=\"w-iconbox-icon\" style=\"font-size:3rem;--icon-color:#ffffff;\"><i class=\"far fa-chevron-down\"><\/i><\/div><\/a><div class=\"w-iconbox-meta\"><\/div><\/div><div class=\"w-separator size_medium\"><\/div><\/div><\/div><\/div><\/div><\/section><section class=\"l-section wpb_row height_custom width_custom color_alternate\" style=\"--site-content-width:800px;\" id=\"intro\"><div class=\"l-section-h i-cf\"><div class=\"g-cols vc_row via_grid cols_1 laptops-cols_inherit tablets-cols_inherit mobiles-cols_1 valign_top type_default stacking_default\"><div class=\"wpb_column vc_column_container\"><div class=\"vc_column-inner\"><div class=\"g-cols wpb_row via_grid cols_1 laptops-cols_inherit tablets-cols_inherit mobiles-cols_1 valign_top type_default stacking_default\" style=\"--gap:3rem;\"><div class=\"wpb_column vc_column_container\"><div class=\"vc_column-inner\"><div class=\"wpb_text_column\"><div class=\"wpb_wrapper\"><p>M\u00fctevaz\u0131 Yolculu\u011fumuz Enzo Art olarak yolculu\u011fumuz, 2021 y\u0131l\u0131nda, Koronavir\u00fcs salg\u0131n\u0131n\u0131n getirdi\u011fi zorluklar s\u0131ras\u0131nda ba\u015flad\u0131. Kayg\u0131 ve izolasyonun yo\u011fun ya\u015fand\u0131\u011f\u0131 bu d\u00f6nemde, insanlar\u0131n minyat\u00fcr bir tu\u011fla seti arac\u0131l\u0131\u011f\u0131yla g\u00fcnl\u00fck hayat\u0131n stresinden uzakla\u015fabilece\u011fini fark ettik. Bu setler, yarat\u0131c\u0131 bir ka\u00e7\u0131\u015f sunmak, hayal g\u00fcc\u00fcn\u00fc harekete ge\u00e7irmek ve ba\u015far\u0131 duygusunu te\u015fvik etmek i\u00e7in tasarland\u0131.<\/p>\n<p>\u00a0<\/p>\n<p>Elbette, minyat\u00fcr tu\u011flalar\u0131n ilk \u00fcreticisi biz de\u011filiz. Bu \u00f6zel el sanatlar\u0131 2011 y\u0131l\u0131ndan itibaren Almanya\u2019da, 2015\u2019ten itibaren ise Amerika Birle\u015fik Devletleri\u2019nde \u00fcretilmeye ba\u015fland\u0131. Ancak kalite s\u00f6z konusu oldu\u011funda, Enzo Art markas\u0131 d\u00fcnya \u00e7ap\u0131nda en y\u00fcksek standartlara sahip ve en b\u00fcy\u00fck minyat\u00fcr tu\u011fla \u00fcreticisi olarak \u00f6ne \u00e7\u0131kmaktad\u0131r.<\/p>\n<p>\u00a0<\/p>\n<p>Merkezimiz ve fabrikam\u0131z \u0130stanbul, T\u00fcrkiye\u2019de yer almakta olup, Enzo Art minyat\u00fcr tu\u011fla setleri d\u00fcnya \u00e7ap\u0131nda ihra\u00e7 edilmektedir. \u00dcr\u00fcnlerimiz, en kaliteli ve s\u00fcrd\u00fcr\u00fclebilir malzemeler kullan\u0131larak \u00fcretilir ve \u00f6zenle paketlenir. Ger\u00e7ek boyutlu tu\u011flalar\u0131n \u00fcretiminde kullan\u0131lan teknikleri ve prensipleri benimseyerek, en ince ayr\u0131nt\u0131s\u0131na kadar ger\u00e7e\u011fe uygun minyat\u00fcr tu\u011flalar tasarl\u0131yoruz.<\/p>\n<p>\u00a0<\/p>\n<p>Minyat\u00fcr tu\u011fla setlerimizi \u00fcretme amac\u0131m\u0131z yaln\u0131zca e\u011flenceli bir hobi sunmak de\u011fil; ayn\u0131 zamanda mimarl\u0131k k\u00fclt\u00fcr\u00fcn\u00fc ve g\u00fczel sanatlar\u0131n\u0131 tan\u0131tmak, temel ya\u015fam becerilerini \u00f6\u011fretmek ve \u00e7ocuklarda ile gen\u00e7lerde \u00f6zg\u00fcven geli\u015fimini desteklemektir. Ayr\u0131ca, tarihi ve mimari an\u0131tlar\u0131n in\u015fas\u0131na y\u00f6nelik nostaljik ve keyif verici bir deneyim yaratmay\u0131 hedefliyoruz.<\/p>\n<p>\u00a0<\/p>\n<p>Enzo Art minyat\u00fcr tu\u011fla kitleri, \u00e7ocuklar ve gen\u00e7ler i\u00e7in yaln\u0131zca e\u011flenceli bir u\u011fra\u015f de\u011fil, ayn\u0131 zamanda geometrik \u015fekilleri ve matematiksel kavramlar\u0131 ke\u015ffetmelerini sa\u011flayan e\u011fitici bir ara\u00e7t\u0131r. Bununla birlikte, mimarl\u0131k ve \u015fehir planlamas\u0131na ilgi duyan bireyler i\u00e7in yetenek geli\u015ftirici ve ilham verici bir deneyim sunmaktad\u0131r.<\/p>\n<p>\u00a0<\/p>\n<p>Biz Enzo Art olarak, minyat\u00fcr tu\u011fla setlerimizle unutulmaz ve de\u011ferli anlar yaratmay\u0131, gelece\u011fin mimarlar\u0131na ve tutkulu mimarl\u0131k merakl\u0131lar\u0131na ilham vermeyi ama\u00e7l\u0131yoruz.<\/p>\n<p>\u00a0<\/p>\n<p>Enzo Art Group olarak te\u015fekk\u00fcr ederiz!<\/p>\n<p>\u00a0<\/p>\n<\/div><\/div><\/div><\/div><\/div><div class=\"w-separator size_large\"><\/div><\/div><\/div><\/div><\/div><\/section>\n","protected":false},"excerpt":{"rendered":"","protected":false},"author":3,"featured_media":0,"parent":0,"menu_order":0,"comment_status":"closed","ping_status":"closed","template":"","meta":{"footnotes":""},"class_list":["post-9414","page","type-page","status-publish","hentry"],"_links":{"self":[{"href":"https:\/\/enzoart.co\/tr\/wp-json\/wp\/v2\/pages\/9414","targetHints":{"allow":["GET"]}}],"collection":[{"href":"https:\/\/enzoart.co\/tr\/wp-json\/wp\/v2\/pages"}],"about":[{"href":"https:\/\/enzoart.co\/tr\/wp-json\/wp\/v2\/types\/page"}],"author":[{"embeddable":true,"href":"https:\/\/enzoart.co\/tr\/wp-json\/wp\/v2\/users\/3"}],"replies":[{"embeddable":true,"href":"https:\/\/enzoart.co\/tr\/wp-json\/wp\/v2\/comments?post=9414"}],"version-history":[{"count":1,"href":"https:\/\/enzoart.co\/tr\/wp-json\/wp\/v2\/pages\/9414\/revisions"}],"predecessor-version":[{"id":9421,"href":"https:\/\/enzoart.co\/tr\/wp-json\/wp\/v2\/pages\/9414\/revisions\/9421"}],"wp:attachment":[{"href":"https:\/\/enzoart.co\/tr\/wp-json\/wp\/v2\/media?parent=9414"}],"curies":[{"name":"wp","href":"https:\/\/api.w.org\/{rel}","templated":true}]}}