{"id":9288,"date":"2024-10-21T11:12:41","date_gmt":"2024-10-21T11:12:41","guid":{"rendered":"https:\/\/enzoart.co\/product\/galata-tower\/"},"modified":"2026-03-14T20:21:26","modified_gmt":"2026-03-14T20:21:26","slug":"galata-tower","status":"publish","type":"product","link":"https:\/\/enzoart.co\/tr\/product\/galata-tower\/","title":{"rendered":"Enzo Art Minyat\u00fcr Tu\u011fla Galata Kulesi"},"content":{"rendered":"<div class=\"wpb_text_column\"><div class=\"wpb_wrapper\"><\/div><\/div>\n<iframe loading=\"lazy\" title=\"Enzo Art Galata Tower\" width=\"640\" height=\"360\" src=\"https:\/\/www.youtube.com\/embed\/QyD-Xwn8oxY?feature=oembed\" frameborder=\"0\" allow=\"accelerometer; autoplay; clipboard-write; encrypted-media; gyroscope; picture-in-picture; web-share\" referrerpolicy=\"strict-origin-when-cross-origin\" allowfullscreen><\/iframe><\/p>\n","protected":false},"excerpt":{"rendered":"<p>Barkod: 8684790804011<\/p>\n<p>Par\u00e7a say\u0131s\u0131: 98 adet<\/p>\n<p>\u00d6nerilen ya\u015f: 8 ya\u015f \u00fcst\u00fc<\/p>\n<p>Zorluk Seviyesi: Temel<\/p>\n<p>Boyutlar: 12x12x29 cm<\/p>\n<p>\u00d6l\u00e7ek: 1:200<\/p>\n<p>Fiyat: 2060 \u20ba<\/p>\n<p>&nbsp;<\/p>\n<p>D\u00fcnyan\u0131n en eski kuleleri aras\u0131nda say\u0131lan ve \u0130stanbul\u2019un sembollerinden biri olan Galata Kulesi, 2013 y\u0131l\u0131nda UNESCO D\u00fcnya Miras\u0131 Ge\u00e7ici Listesi\u2019ne dahil edilmi\u015ftir.<\/p>\n<p>Enzo Art minyat\u00fcr Galata Kulesi ger\u00e7ek ta\u015f bloklardan yapilmi\u015f\u00a0 sanatsal bir \u00fcr\u00fcnd\u00fcr. Bu \u00fcr\u00fcn sevdikleriniz i\u00e7in \u00e7ok de\u011ferli bir hediyedir.<\/p>\n<p>&nbsp;<\/p>\n<p>Eno Art Minyat\u00fcr Tu\u011fla Galata Kulesi, \u0130stanbul&#8217;un simgelerinden biri olan bu tarihi yap\u0131y\u0131 evinizde yeniden ke\u015ffetmenizi sa\u011flayan \u00f6zel bir minyat\u00fcr setidir. T\u00fcrkiye&#8217;nin ve \u0130stanbul&#8217;un zengin tarihini yans\u0131tan bu minyat\u00fcr, detaylar\u0131 ve \u00f6zenli \u00f6l\u00e7ekleri ile \u00f6ne \u00e7\u0131kar.<\/p>\n<p>&nbsp;<\/p>\n<p>Bu \u00f6zel minyat\u00fcr set, i\u00e7erisinde yap\u0131m i\u00e7in gerekli olan t\u00fcm malzemeleri i\u00e7erir. Bu sayede kendi Galata Kulesi maketinizi kolayl\u0131kla olu\u015fturabilirsiniz.<\/p>\n<p>Enzo Art Minyat\u00fcr Tu\u011fla Galata Kulesi, minyat\u00fcr yap\u0131m\u0131na ilgi duyanlar veya \u0130stanbul&#8217;un tarihi g\u00fczelliklerini daha yak\u0131ndan tan\u0131mak isteyenler i\u00e7in m\u00fckemmel bir se\u00e7enektir. Bu \u00f6zel minyat\u00fcr\u00fc koleksiyonunuza eklemek veya hediye etmek i\u00e7in \u00e7ok iyi bir se\u00e7enek olacakt\u0131r.<\/p>\n","protected":false},"featured_media":9608,"comment_status":"closed","ping_status":"closed","template":"","meta":[],"product_cat":[58],"product_tag":[],"class_list":{"0":"post-9288","1":"product","2":"type-product","3":"status-publish","4":"has-post-thumbnail","6":"product_cat-enzo-little-architect-brick-set","8":"first","9":"instock","10":"shipping-taxable","11":"purchasable","12":"product-type-simple"},"_links":{"self":[{"href":"https:\/\/enzoart.co\/tr\/wp-json\/wp\/v2\/product\/9288","targetHints":{"allow":["GET"]}}],"collection":[{"href":"https:\/\/enzoart.co\/tr\/wp-json\/wp\/v2\/product"}],"about":[{"href":"https:\/\/enzoart.co\/tr\/wp-json\/wp\/v2\/types\/product"}],"replies":[{"embeddable":true,"href":"https:\/\/enzoart.co\/tr\/wp-json\/wp\/v2\/comments?post=9288"}],"wp:featuredmedia":[{"embeddable":true,"href":"https:\/\/enzoart.co\/tr\/wp-json\/wp\/v2\/media\/9608"}],"wp:attachment":[{"href":"https:\/\/enzoart.co\/tr\/wp-json\/wp\/v2\/media?parent=9288"}],"wp:term":[{"taxonomy":"product_cat","embeddable":true,"href":"https:\/\/enzoart.co\/tr\/wp-json\/wp\/v2\/product_cat?post=9288"},{"taxonomy":"product_tag","embeddable":true,"href":"https:\/\/enzoart.co\/tr\/wp-json\/wp\/v2\/product_tag?post=9288"}],"curies":[{"name":"wp","href":"https:\/\/api.w.org\/{rel}","templated":true}]}}