{"id":9289,"date":"2024-10-21T09:53:36","date_gmt":"2024-10-21T09:53:36","guid":{"rendered":"https:\/\/enzoart.co\/product\/summer-house\/"},"modified":"2026-02-24T18:00:38","modified_gmt":"2026-02-24T18:00:38","slug":"summer-house","status":"publish","type":"product","link":"https:\/\/enzoart.co\/tr\/product\/summer-house\/","title":{"rendered":"Enzo Art Minyat\u00fcr Tu\u011fla Yazl\u0131k Evi"},"content":{"rendered":"<div class=\"wpb_text_column\"><div class=\"wpb_wrapper\"><p><iframe loading=\"lazy\" title=\"Enzo Art Summer House\" src=\"https:\/\/www.youtube.com\/embed\/5DHHO3bO1Rc\" width=\"866\" height=\"487\" frameborder=\"0\" allowfullscreen=\"allowfullscreen\"><\/iframe><\/p>\n<p>Ger\u00e7ek tu\u011flalardan minyat\u00fcr bir Yazl\u0131k Evi in\u015fa edin. Bu aktivite \u00e7ocuklar\u0131n temel mimari ve in\u015faat tekniklerini \u00f6\u011frenmelerini ve el becerilerini sa\u011flar.<\/p>\n<p>577 adet minyat\u00fcr tu\u011fla par\u00e7asiyla , 8 ya\u015f ve \u00fczeri t\u00fcm hobi ,mimari ve sanat seven ki\u015filer i\u00e7in muhte\u015fem bir hediyed\u0131r. Bu aktivite \u00e7ocuklar\u0131n ve yeti\u015fkinlerin odaklanma, topluluk duygusunu ,\u00f6zg\u00fcvenini ve sosyal becerilerini geli\u015ftirir.<\/p>\n<\/div><\/div>\n","protected":false},"excerpt":{"rendered":"<p>Barkod: 8684790804004<\/p>\n<p>Par\u00e7a say\u0131s\u0131: 577 adet<\/p>\n<p>\u00d6nerilen ya\u015f: 8 ya\u015f \u00fcst\u00fc<\/p>\n<p>Zorluk Seviyesi: Temel seviye<\/p>\n<p>Boyut: 23x16x10 cm<\/p>\n<p>Fiyat: 2650 \u20ba<\/p>\n<p>&nbsp;<\/p>\n","protected":false},"featured_media":9313,"comment_status":"closed","ping_status":"closed","template":"","meta":[],"product_cat":[58],"product_tag":[],"class_list":{"0":"post-9289","1":"product","2":"type-product","3":"status-publish","4":"has-post-thumbnail","6":"product_cat-enzo-little-architect-brick-set","8":"first","9":"instock","10":"shipping-taxable","11":"purchasable","12":"product-type-simple"},"_links":{"self":[{"href":"https:\/\/enzoart.co\/tr\/wp-json\/wp\/v2\/product\/9289","targetHints":{"allow":["GET"]}}],"collection":[{"href":"https:\/\/enzoart.co\/tr\/wp-json\/wp\/v2\/product"}],"about":[{"href":"https:\/\/enzoart.co\/tr\/wp-json\/wp\/v2\/types\/product"}],"replies":[{"embeddable":true,"href":"https:\/\/enzoart.co\/tr\/wp-json\/wp\/v2\/comments?post=9289"}],"wp:featuredmedia":[{"embeddable":true,"href":"https:\/\/enzoart.co\/tr\/wp-json\/wp\/v2\/media\/9313"}],"wp:attachment":[{"href":"https:\/\/enzoart.co\/tr\/wp-json\/wp\/v2\/media?parent=9289"}],"wp:term":[{"taxonomy":"product_cat","embeddable":true,"href":"https:\/\/enzoart.co\/tr\/wp-json\/wp\/v2\/product_cat?post=9289"},{"taxonomy":"product_tag","embeddable":true,"href":"https:\/\/enzoart.co\/tr\/wp-json\/wp\/v2\/product_tag?post=9289"}],"curies":[{"name":"wp","href":"https:\/\/api.w.org\/{rel}","templated":true}]}}