{"id":9393,"date":"2025-02-26T16:33:22","date_gmt":"2025-02-26T16:33:22","guid":{"rendered":"https:\/\/enzoart.co\/product\/enzo-wheels-auto-garage\/"},"modified":"2026-02-24T17:55:42","modified_gmt":"2026-02-24T17:55:42","slug":"enzo-wheels-auto-garage","status":"publish","type":"product","link":"https:\/\/enzoart.co\/tr\/product\/enzo-wheels-auto-garage\/","title":{"rendered":"Enzo Wheels Oto Garaj"},"content":{"rendered":"<div class=\"wpb_text_column\"><div class=\"wpb_wrapper\"><p><iframe loading=\"lazy\" width=\"866\" height=\"487\" src=\"https:\/\/www.youtube.com\/embed\/u6EIJX8truc\" title=\"Enzo Wheels Auto Garage\" frameborder=\"0\" allow=\"accelerometer; autoplay; clipboard-write; encrypted-media; gyroscope; picture-in-picture; web-share\" referrerpolicy=\"strict-origin-when-cross-origin\" allowfullscreen><\/iframe><\/p>\n<p>Enzo Wheels Oto Garaj, ger\u00e7ek minyat\u00fcr tu\u011flalardan yap\u0131lm\u0131\u015f, Enzo Art Group taraf\u0131ndan \u00f6zel olarak tasarlan\u0131p \u00fcretilmi\u015f ,e\u011fitici ve e\u011flenceli bir settir.<\/p>\n<p>Bu g\u00fczel set, bebek evi ve modelleme merakl\u0131lar\u0131n\u0131n yan\u0131 s\u0131ra \u00f6zellikle \u00e7ocuklar ve gen\u00e7ler i\u00e7in olduk\u00e7a \u00e7ekicidir ve pop\u00fcler bir hediye ve e\u011flenceli \u00fcr\u00fcn\u00fcd\u00fcr.<\/p>\n<p>Enzo Wheels Auto Garage\u2019\u0131n boyutlar\u0131, 1\/64 \u00f6l\u00e7ekli metal ve koleksiyon arabalar\u0131 baz al\u0131narak tasarlanm\u0131\u015f ve \u00fcretilmi\u015ftir. Model ve \u00f6l\u00e7ekli araba koleksiyoncular\u0131 i\u00e7in m\u00fckemmel bir se\u00e7enektir.<\/p>\n<p>Ger\u00e7ek tu\u011flalardan miniyat\u00fcr bir Enzo Wheels Auto Garage in\u015fa edin! Bu etkinlik, \u00e7ocuklar\u0131n temel mimari ve yap\u0131 tekniklerini \u00f6\u011frenmesini sa\u011flar.<\/p>\n<p>308 yap\u0131 par\u00e7asiyle, 6 ya\u015f ve \u00fczeri t\u00fcm hobi merakl\u0131lar\u0131 i\u00e7in uygundur ve bir yeti\u015fkin e\u015fli\u011finde yap\u0131lmas\u0131 \u00f6nerilir.<\/p>\n<p>Bu etkinlik, \u00e7ocuklar\u0131n el becerilerini, odaklanma yetilerini, topluluk bilincini ve sosyal becerilerini geli\u015ftirmelerine katk\u0131da bulunur.<\/p>\n<p>&nbsp;<\/p>\n<\/div><\/div>\n","protected":false},"excerpt":{"rendered":"<p>Barkod: 8684790804028<br \/>\nBile\u015fenler: 306 par\u00e7a<br \/>\n\u00d6nerilen Ya\u015f: 6 ya\u015f ve \u00fczeri (99 ya\u015f\u0131na kadar)<br \/>\nZorluk Seviyesi: Temel<br \/>\nBoyut: 26 x 18 x 9 cm<br \/>\nFiyat: 1765 \u20ba<\/p>\n<p>&nbsp;<\/p>\n","protected":false},"featured_media":9457,"comment_status":"closed","ping_status":"closed","template":"","meta":[],"product_cat":[58],"product_tag":[],"class_list":{"0":"post-9393","1":"product","2":"type-product","3":"status-publish","4":"has-post-thumbnail","6":"product_cat-enzo-little-architect-brick-set","8":"first","9":"instock","10":"shipping-taxable","11":"purchasable","12":"product-type-simple"},"_links":{"self":[{"href":"https:\/\/enzoart.co\/tr\/wp-json\/wp\/v2\/product\/9393","targetHints":{"allow":["GET"]}}],"collection":[{"href":"https:\/\/enzoart.co\/tr\/wp-json\/wp\/v2\/product"}],"about":[{"href":"https:\/\/enzoart.co\/tr\/wp-json\/wp\/v2\/types\/product"}],"replies":[{"embeddable":true,"href":"https:\/\/enzoart.co\/tr\/wp-json\/wp\/v2\/comments?post=9393"}],"wp:featuredmedia":[{"embeddable":true,"href":"https:\/\/enzoart.co\/tr\/wp-json\/wp\/v2\/media\/9457"}],"wp:attachment":[{"href":"https:\/\/enzoart.co\/tr\/wp-json\/wp\/v2\/media?parent=9393"}],"wp:term":[{"taxonomy":"product_cat","embeddable":true,"href":"https:\/\/enzoart.co\/tr\/wp-json\/wp\/v2\/product_cat?post=9393"},{"taxonomy":"product_tag","embeddable":true,"href":"https:\/\/enzoart.co\/tr\/wp-json\/wp\/v2\/product_tag?post=9393"}],"curies":[{"name":"wp","href":"https:\/\/api.w.org\/{rel}","templated":true}]}}