{"id":9444,"date":"2025-04-07T08:36:15","date_gmt":"2025-04-07T08:36:15","guid":{"rendered":"https:\/\/enzoart.co\/product\/portable-easel\/"},"modified":"2025-04-07T08:47:39","modified_gmt":"2025-04-07T08:47:39","slug":"portable-easel","status":"publish","type":"product","link":"https:\/\/enzoart.co\/tr\/product\/portable-easel\/","title":{"rendered":"Portatif \u015eovale"},"content":{"rendered":"<div class=\"wpb_text_column\"><div class=\"wpb_wrapper\"><p>Teknik \u00d6zellikler:<\/p>\n<p>Enzo Art Ta\u015f\u0131nabilir Tripod \u015e\u00f6vale, sanat\u00e7\u0131lar ve hobi merakl\u0131lar\u0131 i\u00e7in m\u00fckemmel bir se\u00e7imdir. Do\u011fal ah\u015faptan \u00fcretilen bu \u015f\u0131k ve i\u015flevsel \u015f\u00f6vale, zarif tasar\u0131m\u0131yla her yarat\u0131c\u0131 alana estetik bir dokunu\u015f katar. Hafif ve katlanabilir yap\u0131s\u0131 sayesinde kolay ta\u015f\u0131nabilirlik sunar ve her ortamda konforlu bir \u00e7al\u0131\u015fma deneyimi sa\u011flar.<\/p>\n<p>Enzo Art Ta\u015f\u0131nabilir Tripod \u015e\u00f6vale, yol g\u00f6sterileri, sergiler ve sunumlar i\u00e7in \u00e7ok y\u00f6nl\u00fc ve pratik bir pazarlama arac\u0131d\u0131r. 2,5 cm&#8217;ye kadar kal\u0131nl\u0131ktaki k\u00f6p\u00fck levha posterleri veya \u00e7er\u00e7eveli posterleri g\u00fcvenle ta\u015f\u0131yacak \u015fekilde tasarlanm\u0131\u015ft\u0131r. Hem sa\u011flaml\u0131k hem de \u015f\u0131kl\u0131k sunan bu \u015f\u00f6vale, ayarlanabilir yap\u0131s\u0131yla resim yapma, eskiz \u00e7izme veya sanat eserleri ve tan\u0131t\u0131m materyallerini sergileme i\u00e7in idealdir.<\/p>\n<p>&nbsp;<\/p>\n<p>\u00d6ne \u00c7\u0131kan \u00d6zellikler:<\/p>\n<p>*Ayarlanabilir Y\u00fckseklik: Konforlu bir resim deneyimi i\u00e7in oturma ve ayakta \u00e7al\u0131\u015fma pozisyonlar\u0131 aras\u0131nda kolayca ge\u00e7i\u015f yapabilirsiniz.<\/p>\n<p>*Esnek Tuval Deste\u011fi: Maksimum 100 cm y\u00fcksekli\u011fe kadar \u00e7e\u015fitli tuval boyutlar\u0131n\u0131 destekler.<\/p>\n<p>* Sa\u011flam ve Dayan\u0131kl\u0131 Yap\u0131: \u00dc\u00e7 ayakl\u0131 tasar\u0131m\u0131 ve \u00f6zel olarak i\u015flenmi\u015f kay\u0131n a\u011fac\u0131 malzemesiyle \u00fcst\u00fcn stabilite sa\u011flar.<\/p>\n<p>* Yer Tasarrufu &amp; Ta\u015f\u0131nabilir: Katlanabilir yap\u0131s\u0131 sayesinde kolayca saklan\u0131r ve ta\u015f\u0131nabilir.<\/p>\n<p>* \u00c7ok Ama\u00e7l\u0131 Kullan\u0131m: Resim yapma, eskiz \u00e7izme, sergiler, d\u00fc\u011f\u00fcnler, ev dekorasyonu ve daha bir\u00e7ok kullan\u0131m alan\u0131na uygundur.<\/p>\n<p>* Kolay Kurulum: Kolay ve h\u0131zl\u0131\u00a0 pratik kurulum imkan\u0131 .<\/p>\n<p>&nbsp;<\/p>\n<p>Her seviyeden sanat\u00e7\u0131 i\u00e7in m\u00fckemmel bir se\u00e7im olan Enzo Art Portatif Tripod St\u00fcdyo \u015e\u00f6vale, \u00e7ok y\u00f6nl\u00fcl\u00fc\u011f\u00fc, dayan\u0131kl\u0131l\u0131\u011f\u0131 ve kullan\u0131m kolayl\u0131\u011f\u0131 ile her yarat\u0131c\u0131 alan i\u00e7in vazge\u00e7ilmez bir ara\u00e7t\u0131r.<\/p>\n<p>Genel \u00d6l\u00e7\u00fcler: 65 cm E x 150 cm B x 75 cm D<\/p>\n<p>Katlanm\u0131\u015f \u00d6l\u00e7\u00fcler: 15 cm E x 150 cm B x 8 cm D<\/p>\n<p>&nbsp;<\/p>\n<p>&nbsp;<\/p>\n<\/div><\/div>\n","protected":false},"excerpt":{"rendered":"<p>UPC Kodu: 8684790804738<\/p>\n<p>Renk: Kahve Rengi Ah\u015fap G\u00f6r\u00fcn\u00fcm<\/p>\n<p>Malzeme: Kay\u0131n A\u011fac\u0131<\/p>\n<p>Fiyat: 3,950 \u20ba<\/p>\n<p>&nbsp;<\/p>\n<p>Resim i\u00e7in Maksimum Tuval Boyutu: 100cm x 70cm<\/p>\n<p>G\u00f6steri i\u00e7in Maksimum Sergileme Boyutu: 120cm x 90cm<\/p>\n","protected":false},"featured_media":9446,"comment_status":"closed","ping_status":"closed","template":"","meta":[],"product_cat":[65],"product_tag":[],"class_list":{"0":"post-9444","1":"product","2":"type-product","3":"status-publish","4":"has-post-thumbnail","6":"product_cat-art-products","8":"first","9":"instock","10":"shipping-taxable","11":"purchasable","12":"product-type-simple"},"_links":{"self":[{"href":"https:\/\/enzoart.co\/tr\/wp-json\/wp\/v2\/product\/9444","targetHints":{"allow":["GET"]}}],"collection":[{"href":"https:\/\/enzoart.co\/tr\/wp-json\/wp\/v2\/product"}],"about":[{"href":"https:\/\/enzoart.co\/tr\/wp-json\/wp\/v2\/types\/product"}],"replies":[{"embeddable":true,"href":"https:\/\/enzoart.co\/tr\/wp-json\/wp\/v2\/comments?post=9444"}],"wp:featuredmedia":[{"embeddable":true,"href":"https:\/\/enzoart.co\/tr\/wp-json\/wp\/v2\/media\/9446"}],"wp:attachment":[{"href":"https:\/\/enzoart.co\/tr\/wp-json\/wp\/v2\/media?parent=9444"}],"wp:term":[{"taxonomy":"product_cat","embeddable":true,"href":"https:\/\/enzoart.co\/tr\/wp-json\/wp\/v2\/product_cat?post=9444"},{"taxonomy":"product_tag","embeddable":true,"href":"https:\/\/enzoart.co\/tr\/wp-json\/wp\/v2\/product_tag?post=9444"}],"curies":[{"name":"wp","href":"https:\/\/api.w.org\/{rel}","templated":true}]}}