{"id":9507,"date":"2025-07-12T20:24:45","date_gmt":"2025-07-12T20:24:45","guid":{"rendered":"https:\/\/enzoart.co\/product\/enzo-art-forest-villa-with-pool\/"},"modified":"2026-02-24T17:54:31","modified_gmt":"2026-02-24T17:54:31","slug":"enzo-art-havuzlu-orman-villa","status":"publish","type":"product","link":"https:\/\/enzoart.co\/tr\/product\/enzo-art-havuzlu-orman-villa\/","title":{"rendered":"Enzo Art Havuzlu Orman Villa"},"content":{"rendered":"<div class=\"wpb_text_column\"><div class=\"wpb_wrapper\"><p><iframe loading=\"lazy\" width=\"560\" height=\"315\" src=\"https:\/\/www.youtube.com\/embed\/pMmN-6kfAGg?si=ev-jflY4dFSYfXtU\" title=\"YouTube video player\" frameborder=\"0\" allow=\"accelerometer; autoplay; clipboard-write; encrypted-media; gyroscope; picture-in-picture; web-share\" referrerpolicy=\"strict-origin-when-cross-origin\" allowfullscreen=\"\"><\/iframe><\/p>\n<p>Enzo Art Havuzlu Orman Villa Ger\u00e7ek minyat\u00fcr tu\u011flalarla haz\u0131rlanm\u0131\u015f, gen\u00e7ler ve yeti\u015fkinler i\u00e7in tasarlanan, yarat\u0131c\u0131, e\u011fitici ve e\u011flenceli bir settir.<br \/>\nBu villa modeli, Profesyonel Serimizin ilk \u00fcr\u00fcn\u00fc olup premium mimari kitlerimiz aras\u0131nda yer al\u0131r.<br \/>\n820 par\u00e7adan olu\u015fan bu \u00f6zel set; mimariye ilgi duyanlar, model ve koleksiyon tutkunlar\u0131 i\u00e7in e\u015fsiz bir deneyim ve de\u011ferli ve anlaml\u0131 bir hediye se\u00e7ene\u011fidir.<br \/>\nTek ba\u015f\u0131na veya ailece keyifle uygulanabilen Havuzlu Orman Villa, yarat\u0131c\u0131l\u0131\u011f\u0131, el becerisini ve ekip \u00e7al\u0131\u015fmas\u0131n\u0131 te\u015fvik ederek unutulmaz bir in\u015fa deneyimi sunar.<\/p>\n<\/div><\/div>\n","protected":false},"excerpt":{"rendered":"<p>Barkod: 8684790804035<br \/>\nPar\u00e7a say\u0131s\u0131: 820 adet<br \/>\n\u00d6nerilen ya\u015f: 12-99 ya\u015f aral\u0131\u011fi<br \/>\nZorluk Seviyesi: Orta seviye<br \/>\nBoyut: 31x22x10 cm<br \/>\nFiyat: 3,565.00 \u20ba<\/p>\n","protected":false},"featured_media":9508,"comment_status":"closed","ping_status":"closed","template":"","meta":[],"product_cat":[58],"product_tag":[],"class_list":{"0":"post-9507","1":"product","2":"type-product","3":"status-publish","4":"has-post-thumbnail","6":"product_cat-enzo-little-architect-brick-set","8":"first","9":"instock","10":"shipping-taxable","11":"purchasable","12":"product-type-simple"},"_links":{"self":[{"href":"https:\/\/enzoart.co\/tr\/wp-json\/wp\/v2\/product\/9507","targetHints":{"allow":["GET"]}}],"collection":[{"href":"https:\/\/enzoart.co\/tr\/wp-json\/wp\/v2\/product"}],"about":[{"href":"https:\/\/enzoart.co\/tr\/wp-json\/wp\/v2\/types\/product"}],"replies":[{"embeddable":true,"href":"https:\/\/enzoart.co\/tr\/wp-json\/wp\/v2\/comments?post=9507"}],"wp:featuredmedia":[{"embeddable":true,"href":"https:\/\/enzoart.co\/tr\/wp-json\/wp\/v2\/media\/9508"}],"wp:attachment":[{"href":"https:\/\/enzoart.co\/tr\/wp-json\/wp\/v2\/media?parent=9507"}],"wp:term":[{"taxonomy":"product_cat","embeddable":true,"href":"https:\/\/enzoart.co\/tr\/wp-json\/wp\/v2\/product_cat?post=9507"},{"taxonomy":"product_tag","embeddable":true,"href":"https:\/\/enzoart.co\/tr\/wp-json\/wp\/v2\/product_tag?post=9507"}],"curies":[{"name":"wp","href":"https:\/\/api.w.org\/{rel}","templated":true}]}}