{"id":9532,"date":"2025-12-11T19:34:03","date_gmt":"2025-12-11T19:34:03","guid":{"rendered":"https:\/\/enzoart.co\/product\/enzo-art-miniature-maidens-tower\/"},"modified":"2026-02-17T20:00:01","modified_gmt":"2026-02-17T20:00:01","slug":"enzo-art-minyatur-kiz-kulesi","status":"publish","type":"product","link":"https:\/\/enzoart.co\/tr\/product\/enzo-art-minyatur-kiz-kulesi\/","title":{"rendered":"Enzo Art Minyat\u00fcr  K\u0131z Kulesi"},"content":{"rendered":"<div class=\"wpb_text_column\"><div class=\"wpb_wrapper\"><p><iframe loading=\"lazy\" width=\"560\" height=\"315\" src=\"https:\/\/www.youtube.com\/embed\/_QEHcTabimo?si=-MQVIrBOuYvaqES7\" title=\"YouTube video player\" frameborder=\"0\" allow=\"accelerometer; autoplay; clipboard-write; encrypted-media; gyroscope; picture-in-picture; web-share\" referrerpolicy=\"strict-origin-when-cross-origin\" allowfullscreen><\/iframe><\/p>\n<p>K\u0131z Kulesi, \u0130stanbul Bo\u011faz\u0131&#8217;n\u0131n Marmara Denizi&#8217;ne yak\u0131n k\u0131sm\u0131nda, \u00dcsk\u00fcdar yak\u0131nlar\u0131nda,Salacak a\u00e7\u0131klar\u0131nda yer alan k\u00fc\u00e7\u00fck adac\u0131k \u00fczerinde in\u015fa edilmi\u015f yap\u0131d\u0131r.<\/p>\n<p>\u00dcsk\u00fcdar&#8217;\u0131n sembol\u00fc h\u00e2line gelen kule, \u00dcsk\u00fcdar&#8217;da Bizans devrinden kalan tek eserdir.<\/p>\n<p>K\u0131z Kulesi, \u0130stanbul\u2019un simgelerinden biri olarak Bo\u011faz\u2019da insanlar\u0131 mest eden foto\u011fraflar\u0131nda her zaman yer bulur. K\u0131z Kulesi, \u0130stanbul\u2019da a\u015fk\u0131n ve zarafetin bir simgesi olarak ayn\u0131 zamanda \u015fehirde romantik bir aktivite yapmak isteyenlere ilham verir.<\/p>\n<p>Enzo Art minyat\u00fcr K\u0131z Kulesi ger\u00e7ek minyat\u00fcr Tu\u011fladan yapilmi\u015f\u00a0 sanatsal bir \u00fcr\u00fcnd\u00fcr. Bu \u00fcr\u00fcn sevdikleriniz i\u00e7in \u00e7ok de\u011ferli bir hediyedir .<\/p>\n<p>Enzo Art K\u0131z Kulesi, minyat\u00fcr yap\u0131m\u0131na ilgi duyanlar,e\u011fitime \u00f6ncelik verenler ve \u0130stanbul\u2019un tarihi mimarisini daha yak\u0131ndan tan\u0131mak isteyenler i\u00e7in m\u00fckemmel bir se\u00e7enektir.<\/p>\n<p>Bu \u00f6zel minyat\u00fcr set, i\u00e7erisinde yap\u0131m i\u00e7in gerekli olan t\u00fcm malzemeleri i\u00e7erir.<\/p>\n<\/div><\/div>\n","protected":false},"excerpt":{"rendered":"<p>Barkod: 8684790804042<\/p>\n<p>Par\u00e7a say\u0131s\u0131: 1305adet<\/p>\n<p>\u00d6nerilen ya\u015f: 12+<\/p>\n<p>Zorluk Seviyesi: Zor<\/p>\n<p>Boyutlar: 31x22x35 cm<\/p>\n<p>\u00d6l\u00e7ek: 1:100<\/p>\n<p>Fiyat: 5275.00 \u20ba<\/p>\n","protected":false},"featured_media":9553,"comment_status":"closed","ping_status":"closed","template":"","meta":[],"product_cat":[58],"product_tag":[],"class_list":{"0":"post-9532","1":"product","2":"type-product","3":"status-publish","4":"has-post-thumbnail","6":"product_cat-enzo-little-architect-brick-set","8":"first","9":"instock","10":"shipping-taxable","11":"purchasable","12":"product-type-simple"},"_links":{"self":[{"href":"https:\/\/enzoart.co\/tr\/wp-json\/wp\/v2\/product\/9532","targetHints":{"allow":["GET"]}}],"collection":[{"href":"https:\/\/enzoart.co\/tr\/wp-json\/wp\/v2\/product"}],"about":[{"href":"https:\/\/enzoart.co\/tr\/wp-json\/wp\/v2\/types\/product"}],"replies":[{"embeddable":true,"href":"https:\/\/enzoart.co\/tr\/wp-json\/wp\/v2\/comments?post=9532"}],"wp:featuredmedia":[{"embeddable":true,"href":"https:\/\/enzoart.co\/tr\/wp-json\/wp\/v2\/media\/9553"}],"wp:attachment":[{"href":"https:\/\/enzoart.co\/tr\/wp-json\/wp\/v2\/media?parent=9532"}],"wp:term":[{"taxonomy":"product_cat","embeddable":true,"href":"https:\/\/enzoart.co\/tr\/wp-json\/wp\/v2\/product_cat?post=9532"},{"taxonomy":"product_tag","embeddable":true,"href":"https:\/\/enzoart.co\/tr\/wp-json\/wp\/v2\/product_tag?post=9532"}],"curies":[{"name":"wp","href":"https:\/\/api.w.org\/{rel}","templated":true}]}}